{"id":5878,"date":"2017-11-06T15:01:55","date_gmt":"2017-11-06T15:01:55","guid":{"rendered":"https:\/\/upuppark.pt\/?page_id=5878"},"modified":"2018-05-04T18:10:57","modified_gmt":"2018-05-04T18:10:57","slug":"politica-de-cookies","status":"publish","type":"page","link":"https:\/\/upuppark.pt\/en\/politica-de-cookies\/","title":{"rendered":"Cookie Policy"},"content":{"rendered":"<p><strong>O QUE S\u00c3O COOKIES?<br \/>\n<\/strong>\u201cCookies\u201d s\u00e3o pequenas etiquetas de software que s\u00e3o armazenadas no teu computador atrav\u00e9s do navegador (browser), retendo apenas informa\u00e7\u00e3o relacionada com as tuas prefer\u00eancias, n\u00e3o incluindo, como tal, os teus dados pessoais.<\/p>\n<p><strong>PARA QUE SERVEM OS COOKIES?<br \/>\n<\/strong>Os cookies servem para ajudar a determinar a utilidade, interesse e o n\u00famero de utiliza\u00e7\u00f5es dos teus websites, permitindo uma navega\u00e7\u00e3o mais r\u00e1pida e eficiente, eliminando a necessidade de introduzir repetidamente as mesmas informa\u00e7\u00f5es.<\/p>\n<p><strong>QUE TIPOS DE COOKIES UTILIZAMOS?<br \/>\n<\/strong>Existem dois grupos cookies que podem ser utilizados:<\/p>\n<p><strong>Cookies permanentes<\/strong>:\u00a0s\u00e3o cookies que ficam armazenados ao n\u00edvel do browser nos teus equipamentos de acesso (PC, mobile e tablet) e que s\u00e3o utilizados sempre que fazes uma nova visita ao nosso website. S\u00e3o utilizados, geralmente, para direcionar a navega\u00e7\u00e3o aos interesses do utilizador, permitindo-nos prestar um servi\u00e7o mais personalizado.<\/p>\n<p><strong>Cookies de sess\u00e3o<\/strong>: s\u00e3o cookies tempor\u00e1rios que permanecem no arquivo de cookies do teu browser at\u00e9 sa\u00edres do website. A informa\u00e7\u00e3o obtida por estes cookies serve para analisar padr\u00f5es de tr\u00e1fego na web, permitindo-nos identificar problemas e fornecer uma melhor experi\u00eancia de navega\u00e7\u00e3o.<\/p>\n<p><strong>PARA QUE FINS UTILIZAMOS COOKIES?<\/strong><\/p>\n<p><strong>Cookies estritamente necess\u00e1rios<\/strong><br \/>\nPermitem que navegues no website e utilizes as suas aplica\u00e7\u00f5es, bem como aceder a\u200b \u00e1reas seguras do website. Sem estes cookies, os servi\u00e7os que tenhas requerido n\u00e3o podem ser prestados.<\/p>\n<p><strong>Cookies Anal\u00edticos<\/strong><br \/>\nS\u00e3o utilizados anonimamente para efeitos de cria\u00e7\u00e3o e an\u00e1lise de estat\u00edsticas, no sentido de melhorar o funcionamento do website.<\/p>\n<p><strong>Cookies de Funcionalidade<\/strong><br \/>\nGuardam as prefer\u00eancias do utilizador relativamente \u00e0 utiliza\u00e7\u00e3o do site, para que n\u00e3o seja necess\u00e1rio voltar a configurar o site cada vez que o visitas.<\/p>\n<p><strong>Cookies de Terceiros<\/strong><br \/>\nMedem\u00a0o sucesso de aplica\u00e7\u00f5es e a efic\u00e1cia da publicidade de terceiros. Podem tamb\u00e9m ser utilizados no sentido de personalizar um widget com dados do utilizador.<\/p>\n<p><strong>COMO POSSO GERIR OS COOKIES?<br \/>\n<\/strong>Todos\u00a0os browsers permitem ao utilizador aceitar, recusar ou apagar cookies, nomeadamente atrav\u00e9s da sele\u00e7\u00e3o das defini\u00e7\u00f5es apropriadas no respetivo navegador. Podes configurar os cookies no menu \u201cop\u00e7\u00f5es\u201d ou \u201cprefer\u00eancias\u201d do teu browser.<\/p>\n<p>Note-se, no entanto, que, ao desativares cookies, podes impedir que alguns servi\u00e7os da web funcionem corretamente, afetando, parcial ou totalmente, a navega\u00e7\u00e3o no website.<\/p>","protected":false},"excerpt":{"rendered":"<p>O QUE S\u00c3O COOKIES? \u201cCookies\u201d s\u00e3o pequenas etiquetas de software que s\u00e3o armazenadas no teu computador atrav\u00e9s do navegador (browser), retendo apenas informa\u00e7\u00e3o relacionada com as tuas prefer\u00eancias, n\u00e3o incluindo, como tal, os teus dados pessoais. PARA QUE SERVEM OS COOKIES? Os cookies servem para ajudar a determinar a utilidade, interesse e o n\u00famero de&#8230;<\/p>\n<div class=\"read-more-link-wrapper text-center\"><a class=\"read-more-link\" href=\"https:\/\/upuppark.pt\/en\/politica-de-cookies\/\"><i class=\"icon-next\"><\/i>Ler mais<\/a><\/div>","protected":false},"author":1,"featured_media":0,"parent":0,"menu_order":0,"comment_status":"closed","ping_status":"closed","template":"","meta":{"inline_featured_image":false,"_monsterinsights_skip_tracking":false,"_monsterinsights_sitenote_active":false,"_monsterinsights_sitenote_note":"","_monsterinsights_sitenote_category":0,"_uf_show_specific_survey":0,"_uf_disable_surveys":false,"footnotes":""},"class_list":["post-5878","page","type-page","status-publish","hentry"],"yoast_head":"<!-- This site is optimized with the Yoast SEO plugin v25.7 - https:\/\/yoast.com\/wordpress\/plugins\/seo\/ -->\n<title>Pol\u00edtica de Cookies - UPUP<\/title>\n<meta name=\"robots\" content=\"index, follow, max-snippet:-1, max-image-preview:large, max-video-preview:-1\" \/>\n<link rel=\"canonical\" href=\"https:\/\/upuppark.pt\/en\/politica-de-cookies\/\" \/>\n<meta property=\"og:locale\" content=\"en_GB\" \/>\n<meta property=\"og:type\" content=\"article\" \/>\n<meta property=\"og:title\" content=\"Pol\u00edtica de Cookies - UPUP\" \/>\n<meta property=\"og:description\" content=\"O QUE S\u00c3O COOKIES? \u201cCookies\u201d s\u00e3o pequenas etiquetas de software que s\u00e3o armazenadas no teu computador atrav\u00e9s do navegador (browser), retendo apenas informa\u00e7\u00e3o relacionada com as tuas prefer\u00eancias, n\u00e3o incluindo, como tal, os teus dados pessoais. PARA QUE SERVEM OS COOKIES? Os cookies servem para ajudar a determinar a utilidade, interesse e o n\u00famero de...Ler mais\" \/>\n<meta property=\"og:url\" content=\"https:\/\/upuppark.pt\/en\/politica-de-cookies\/\" \/>\n<meta property=\"og:site_name\" content=\"UPUP\" \/>\n<meta property=\"article:publisher\" content=\"https:\/\/www.facebook.com\/upuptrampolins\/\" \/>\n<meta property=\"article:modified_time\" content=\"2018-05-04T18:10:57+00:00\" \/>\n<meta name=\"twitter:card\" content=\"summary_large_image\" \/>\n<meta name=\"twitter:label1\" content=\"Estimated reading time\" \/>\n\t<meta name=\"twitter:data1\" content=\"2 minutes\" \/>\n<script type=\"application\/ld+json\" class=\"yoast-schema-graph\">{\"@context\":\"https:\/\/schema.org\",\"@graph\":[{\"@type\":\"WebPage\",\"@id\":\"https:\/\/upuppark.pt\/politica-de-cookies\/\",\"url\":\"https:\/\/upuppark.pt\/politica-de-cookies\/\",\"name\":\"Pol\u00edtica de Cookies - UPUP\",\"isPartOf\":{\"@id\":\"https:\/\/upuppark.pt\/#website\"},\"datePublished\":\"2017-11-06T15:01:55+00:00\",\"dateModified\":\"2018-05-04T18:10:57+00:00\",\"breadcrumb\":{\"@id\":\"https:\/\/upuppark.pt\/politica-de-cookies\/#breadcrumb\"},\"inLanguage\":\"en-GB\",\"potentialAction\":[{\"@type\":\"ReadAction\",\"target\":[\"https:\/\/upuppark.pt\/politica-de-cookies\/\"]}]},{\"@type\":\"BreadcrumbList\",\"@id\":\"https:\/\/upuppark.pt\/politica-de-cookies\/#breadcrumb\",\"itemListElement\":[{\"@type\":\"ListItem\",\"position\":1,\"name\":\"Home\",\"item\":\"https:\/\/upuppark.pt\/\"},{\"@type\":\"ListItem\",\"position\":2,\"name\":\"Pol\u00edtica de Cookies\"}]},{\"@type\":\"WebSite\",\"@id\":\"https:\/\/upuppark.pt\/#website\",\"url\":\"https:\/\/upuppark.pt\/\",\"name\":\"UPUP\",\"description\":\"Parque de Trampolins\",\"publisher\":{\"@id\":\"https:\/\/upuppark.pt\/#organization\"},\"potentialAction\":[{\"@type\":\"SearchAction\",\"target\":{\"@type\":\"EntryPoint\",\"urlTemplate\":\"https:\/\/upuppark.pt\/?s={search_term_string}\"},\"query-input\":{\"@type\":\"PropertyValueSpecification\",\"valueRequired\":true,\"valueName\":\"search_term_string\"}}],\"inLanguage\":\"en-GB\"},{\"@type\":\"Organization\",\"@id\":\"https:\/\/upuppark.pt\/#organization\",\"name\":\"UPUP\",\"url\":\"https:\/\/upuppark.pt\/\",\"logo\":{\"@type\":\"ImageObject\",\"inLanguage\":\"en-GB\",\"@id\":\"https:\/\/upuppark.pt\/#\/schema\/logo\/image\/\",\"url\":\"https:\/\/upuppark.pt\/wp-content\/uploads\/2017\/10\/cropped-Logo_UPUP_Icon_512x512px.png\",\"contentUrl\":\"https:\/\/upuppark.pt\/wp-content\/uploads\/2017\/10\/cropped-Logo_UPUP_Icon_512x512px.png\",\"width\":512,\"height\":512,\"caption\":\"UPUP\"},\"image\":{\"@id\":\"https:\/\/upuppark.pt\/#\/schema\/logo\/image\/\"},\"sameAs\":[\"https:\/\/www.facebook.com\/upuptrampolins\/\",\"https:\/\/www.instagram.com\/upuptrampolins\/\",\"https:\/\/www.youtube.com\/channel\/UCJLj1rDJf3GGCnS3Y9Ve4hQ\"]}]}<\/script>\n<!-- \/ Yoast SEO plugin. -->","yoast_head_json":{"title":"Pol\u00edtica de Cookies - UPUP","robots":{"index":"index","follow":"follow","max-snippet":"max-snippet:-1","max-image-preview":"max-image-preview:large","max-video-preview":"max-video-preview:-1"},"canonical":"https:\/\/upuppark.pt\/en\/politica-de-cookies\/","og_locale":"en_GB","og_type":"article","og_title":"Pol\u00edtica de Cookies - UPUP","og_description":"O QUE S\u00c3O COOKIES? \u201cCookies\u201d s\u00e3o pequenas etiquetas de software que s\u00e3o armazenadas no teu computador atrav\u00e9s do navegador (browser), retendo apenas informa\u00e7\u00e3o relacionada com as tuas prefer\u00eancias, n\u00e3o incluindo, como tal, os teus dados pessoais. PARA QUE SERVEM OS COOKIES? Os cookies servem para ajudar a determinar a utilidade, interesse e o n\u00famero de...Ler mais","og_url":"https:\/\/upuppark.pt\/en\/politica-de-cookies\/","og_site_name":"UPUP","article_publisher":"https:\/\/www.facebook.com\/upuptrampolins\/","article_modified_time":"2018-05-04T18:10:57+00:00","twitter_card":"summary_large_image","twitter_misc":{"Estimated reading time":"2 minutes"},"schema":{"@context":"https:\/\/schema.org","@graph":[{"@type":"WebPage","@id":"https:\/\/upuppark.pt\/politica-de-cookies\/","url":"https:\/\/upuppark.pt\/politica-de-cookies\/","name":"Pol\u00edtica de Cookies - UPUP","isPartOf":{"@id":"https:\/\/upuppark.pt\/#website"},"datePublished":"2017-11-06T15:01:55+00:00","dateModified":"2018-05-04T18:10:57+00:00","breadcrumb":{"@id":"https:\/\/upuppark.pt\/politica-de-cookies\/#breadcrumb"},"inLanguage":"en-GB","potentialAction":[{"@type":"ReadAction","target":["https:\/\/upuppark.pt\/politica-de-cookies\/"]}]},{"@type":"BreadcrumbList","@id":"https:\/\/upuppark.pt\/politica-de-cookies\/#breadcrumb","itemListElement":[{"@type":"ListItem","position":1,"name":"Home","item":"https:\/\/upuppark.pt\/"},{"@type":"ListItem","position":2,"name":"Pol\u00edtica de Cookies"}]},{"@type":"WebSite","@id":"https:\/\/upuppark.pt\/#website","url":"https:\/\/upuppark.pt\/","name":"UPUP","description":"Parque de Trampolins","publisher":{"@id":"https:\/\/upuppark.pt\/#organization"},"potentialAction":[{"@type":"SearchAction","target":{"@type":"EntryPoint","urlTemplate":"https:\/\/upuppark.pt\/?s={search_term_string}"},"query-input":{"@type":"PropertyValueSpecification","valueRequired":true,"valueName":"search_term_string"}}],"inLanguage":"en-GB"},{"@type":"Organization","@id":"https:\/\/upuppark.pt\/#organization","name":"UPUP","url":"https:\/\/upuppark.pt\/","logo":{"@type":"ImageObject","inLanguage":"en-GB","@id":"https:\/\/upuppark.pt\/#\/schema\/logo\/image\/","url":"https:\/\/upuppark.pt\/wp-content\/uploads\/2017\/10\/cropped-Logo_UPUP_Icon_512x512px.png","contentUrl":"https:\/\/upuppark.pt\/wp-content\/uploads\/2017\/10\/cropped-Logo_UPUP_Icon_512x512px.png","width":512,"height":512,"caption":"UPUP"},"image":{"@id":"https:\/\/upuppark.pt\/#\/schema\/logo\/image\/"},"sameAs":["https:\/\/www.facebook.com\/upuptrampolins\/","https:\/\/www.instagram.com\/upuptrampolins\/","https:\/\/www.youtube.com\/channel\/UCJLj1rDJf3GGCnS3Y9Ve4hQ"]}]}},"_links":{"self":[{"href":"https:\/\/upuppark.pt\/en\/wp-json\/wp\/v2\/pages\/5878","targetHints":{"allow":["GET"]}}],"collection":[{"href":"https:\/\/upuppark.pt\/en\/wp-json\/wp\/v2\/pages"}],"about":[{"href":"https:\/\/upuppark.pt\/en\/wp-json\/wp\/v2\/types\/page"}],"author":[{"embeddable":true,"href":"https:\/\/upuppark.pt\/en\/wp-json\/wp\/v2\/users\/1"}],"replies":[{"embeddable":true,"href":"https:\/\/upuppark.pt\/en\/wp-json\/wp\/v2\/comments?post=5878"}],"version-history":[{"count":0,"href":"https:\/\/upuppark.pt\/en\/wp-json\/wp\/v2\/pages\/5878\/revisions"}],"wp:attachment":[{"href":"https:\/\/upuppark.pt\/en\/wp-json\/wp\/v2\/media?parent=5878"}],"curies":[{"name":"wp","href":"https:\/\/api.w.org\/{rel}","templated":true}]}}