{"id":5874,"date":"2017-11-06T13:34:29","date_gmt":"2017-11-06T13:34:29","guid":{"rendered":"https:\/\/upuppark.pt\/?page_id=5874"},"modified":"2018-06-21T15:22:17","modified_gmt":"2018-06-21T15:22:17","slug":"politica-de-privacidade","status":"publish","type":"page","link":"https:\/\/upuppark.pt\/en\/politica-de-privacidade\/","title":{"rendered":"Privacy Policy"},"content":{"rendered":"<p><strong>POL\u00cdTICA DE PRIVACIDADE<br \/>\n<\/strong>Todas as tuas informa\u00e7\u00f5es pessoais recolhidas, ser\u00e3o utilizadas para ajudar a tornar a tua visita ao nosso site o mais produtiva e agrad\u00e1vel poss\u00edvel. A garantia da confidencialidade dos dados pessoais dos utilizadores do nosso site \u00e9 importante para o UPUP. Todas as informa\u00e7\u00f5es pessoais relativas a membros, assinantes, clientes ou visitantes que usem o UPUP ser\u00e3o tratadas em concord\u00e2ncia com a Lei da Prote\u00e7\u00e3o de Dados Pessoais em vigor. A informa\u00e7\u00e3o pessoal recolhida pode incluir o teu nome, e-mail, n\u00famero de telefone e\/ou telem\u00f3vel, morada, data de nascimento e\/ou outros. O uso do UPUP pressup\u00f5e a aceita\u00e7\u00e3o deste Acordo de Privacidade. A equipa do UPUP reserva-se ao direito de alterar este acordo sem aviso pr\u00e9vio. Deste modo, recomendamos que consultes a nossa pol\u00edtica de privacidade com regularidade de forma a estares sempre atualizado.<\/p>\n<p><strong>AN\u00daNCIOS<br \/>\n<\/strong>Tal como outros websites, coletamos e utilizamos informa\u00e7\u00e3o contida nos an\u00fancios. A informa\u00e7\u00e3o contida nos an\u00fancios, inclui o teu endere\u00e7o IP (Internet Protocol), o teu ISP (Internet Service Provider, como o Sapo, Clix, ou outro), o browser que utilizaste ao visitar o nosso website (como o Internet Explorer ou o Firefox), o tempo da tua visita e que p\u00e1ginas visitaste dentro do nosso website.<\/p>\n<p><strong>COOKIES E WEB BEACONS<br \/>\n<\/strong>Utilizamos cookies para armazenar informa\u00e7\u00e3o, tais como as tuas prefer\u00eancias pessoais quando visitas o nosso website. Isto poder\u00e1 incluir um simples popup, ou uma liga\u00e7\u00e3o em v\u00e1rios servi\u00e7os que providenciamos. Tu det\u00e9ns o poder de desligar os teus cookies, nas op\u00e7\u00f5es do teu browser, ou efetuando altera\u00e7\u00f5es nas ferramentas de programas Anti-Virus, como o Norton Internet Security. No entanto, isso poder\u00e1 alterar a forma como interages com o nosso website, ou outros websites. Isso poder\u00e1 afetar ou n\u00e3o permitir que fa\u00e7as logins em programas, sites ou f\u00f3runs da nossa e de outras redes.<\/p>\n<p><strong>LIGA\u00c7\u00d5ES A SITES DE TERCEIROS<br \/>\n<\/strong>O UPUP possui liga\u00e7\u00f5es para outros sites, os quais, a nosso ver, podem conter informa\u00e7\u00f5es \/ ferramentas \u00fateis para os nossos visitantes. A nossa pol\u00edtica de privacidade n\u00e3o \u00e9 aplicada a sites de terceiros, pelo que, caso visites outro site a partir do nosso dever\u00e1s ler a pol\u00edtica de privacidade do mesmo. N\u00e3o nos responsabilizamos pela pol\u00edtica de privacidade ou conte\u00fado presente nesses mesmos sites.<\/p>","protected":false},"excerpt":{"rendered":"<p>POL\u00cdTICA DE PRIVACIDADE Todas as tuas informa\u00e7\u00f5es pessoais recolhidas, ser\u00e3o utilizadas para ajudar a tornar a tua visita ao nosso site o mais produtiva e agrad\u00e1vel poss\u00edvel. A garantia da confidencialidade dos dados pessoais dos utilizadores do nosso site \u00e9 importante para o UPUP. Todas as informa\u00e7\u00f5es pessoais relativas a membros, assinantes, clientes ou visitantes&#8230;<\/p>\n<div class=\"read-more-link-wrapper text-center\"><a class=\"read-more-link\" href=\"https:\/\/upuppark.pt\/en\/politica-de-privacidade\/\"><i class=\"icon-next\"><\/i>Ler mais<\/a><\/div>","protected":false},"author":1,"featured_media":0,"parent":0,"menu_order":0,"comment_status":"closed","ping_status":"closed","template":"","meta":{"inline_featured_image":false,"_monsterinsights_skip_tracking":false,"_monsterinsights_sitenote_active":false,"_monsterinsights_sitenote_note":"","_monsterinsights_sitenote_category":0,"_uf_show_specific_survey":0,"_uf_disable_surveys":false,"footnotes":""},"class_list":["post-5874","page","type-page","status-publish","hentry"],"yoast_head":"<!-- This site is optimized with the Yoast SEO plugin v25.7 - https:\/\/yoast.com\/wordpress\/plugins\/seo\/ -->\n<title>Pol\u00edtica de Privacidade - UPUP<\/title>\n<meta name=\"robots\" content=\"index, follow, max-snippet:-1, max-image-preview:large, max-video-preview:-1\" \/>\n<link rel=\"canonical\" href=\"https:\/\/upuppark.pt\/en\/politica-de-privacidade\/\" \/>\n<meta property=\"og:locale\" content=\"en_GB\" \/>\n<meta property=\"og:type\" content=\"article\" \/>\n<meta property=\"og:title\" content=\"Pol\u00edtica de Privacidade - UPUP\" \/>\n<meta property=\"og:description\" content=\"POL\u00cdTICA DE PRIVACIDADE Todas as tuas informa\u00e7\u00f5es pessoais recolhidas, ser\u00e3o utilizadas para ajudar a tornar a tua visita ao nosso site o mais produtiva e agrad\u00e1vel poss\u00edvel. A garantia da confidencialidade dos dados pessoais dos utilizadores do nosso site \u00e9 importante para o UPUP. Todas as informa\u00e7\u00f5es pessoais relativas a membros, assinantes, clientes ou visitantes...Ler mais\" \/>\n<meta property=\"og:url\" content=\"https:\/\/upuppark.pt\/en\/politica-de-privacidade\/\" \/>\n<meta property=\"og:site_name\" content=\"UPUP\" \/>\n<meta property=\"article:publisher\" content=\"https:\/\/www.facebook.com\/upuptrampolins\/\" \/>\n<meta property=\"article:modified_time\" content=\"2018-06-21T15:22:17+00:00\" \/>\n<meta name=\"twitter:card\" content=\"summary_large_image\" \/>\n<meta name=\"twitter:label1\" content=\"Estimated reading time\" \/>\n\t<meta name=\"twitter:data1\" content=\"2 minutes\" \/>\n<script type=\"application\/ld+json\" class=\"yoast-schema-graph\">{\"@context\":\"https:\/\/schema.org\",\"@graph\":[{\"@type\":\"WebPage\",\"@id\":\"https:\/\/upuppark.pt\/politica-de-privacidade\/\",\"url\":\"https:\/\/upuppark.pt\/politica-de-privacidade\/\",\"name\":\"Pol\u00edtica de Privacidade - UPUP\",\"isPartOf\":{\"@id\":\"https:\/\/upuppark.pt\/#website\"},\"datePublished\":\"2017-11-06T13:34:29+00:00\",\"dateModified\":\"2018-06-21T15:22:17+00:00\",\"breadcrumb\":{\"@id\":\"https:\/\/upuppark.pt\/politica-de-privacidade\/#breadcrumb\"},\"inLanguage\":\"en-GB\",\"potentialAction\":[{\"@type\":\"ReadAction\",\"target\":[\"https:\/\/upuppark.pt\/politica-de-privacidade\/\"]}]},{\"@type\":\"BreadcrumbList\",\"@id\":\"https:\/\/upuppark.pt\/politica-de-privacidade\/#breadcrumb\",\"itemListElement\":[{\"@type\":\"ListItem\",\"position\":1,\"name\":\"Home\",\"item\":\"https:\/\/upuppark.pt\/\"},{\"@type\":\"ListItem\",\"position\":2,\"name\":\"Pol\u00edtica de Privacidade\"}]},{\"@type\":\"WebSite\",\"@id\":\"https:\/\/upuppark.pt\/#website\",\"url\":\"https:\/\/upuppark.pt\/\",\"name\":\"UPUP\",\"description\":\"Parque de Trampolins\",\"publisher\":{\"@id\":\"https:\/\/upuppark.pt\/#organization\"},\"potentialAction\":[{\"@type\":\"SearchAction\",\"target\":{\"@type\":\"EntryPoint\",\"urlTemplate\":\"https:\/\/upuppark.pt\/?s={search_term_string}\"},\"query-input\":{\"@type\":\"PropertyValueSpecification\",\"valueRequired\":true,\"valueName\":\"search_term_string\"}}],\"inLanguage\":\"en-GB\"},{\"@type\":\"Organization\",\"@id\":\"https:\/\/upuppark.pt\/#organization\",\"name\":\"UPUP\",\"url\":\"https:\/\/upuppark.pt\/\",\"logo\":{\"@type\":\"ImageObject\",\"inLanguage\":\"en-GB\",\"@id\":\"https:\/\/upuppark.pt\/#\/schema\/logo\/image\/\",\"url\":\"https:\/\/upuppark.pt\/wp-content\/uploads\/2017\/10\/cropped-Logo_UPUP_Icon_512x512px.png\",\"contentUrl\":\"https:\/\/upuppark.pt\/wp-content\/uploads\/2017\/10\/cropped-Logo_UPUP_Icon_512x512px.png\",\"width\":512,\"height\":512,\"caption\":\"UPUP\"},\"image\":{\"@id\":\"https:\/\/upuppark.pt\/#\/schema\/logo\/image\/\"},\"sameAs\":[\"https:\/\/www.facebook.com\/upuptrampolins\/\",\"https:\/\/www.instagram.com\/upuptrampolins\/\",\"https:\/\/www.youtube.com\/channel\/UCJLj1rDJf3GGCnS3Y9Ve4hQ\"]}]}<\/script>\n<!-- \/ Yoast SEO plugin. -->","yoast_head_json":{"title":"Pol\u00edtica de Privacidade - UPUP","robots":{"index":"index","follow":"follow","max-snippet":"max-snippet:-1","max-image-preview":"max-image-preview:large","max-video-preview":"max-video-preview:-1"},"canonical":"https:\/\/upuppark.pt\/en\/politica-de-privacidade\/","og_locale":"en_GB","og_type":"article","og_title":"Pol\u00edtica de Privacidade - UPUP","og_description":"POL\u00cdTICA DE PRIVACIDADE Todas as tuas informa\u00e7\u00f5es pessoais recolhidas, ser\u00e3o utilizadas para ajudar a tornar a tua visita ao nosso site o mais produtiva e agrad\u00e1vel poss\u00edvel. A garantia da confidencialidade dos dados pessoais dos utilizadores do nosso site \u00e9 importante para o UPUP. Todas as informa\u00e7\u00f5es pessoais relativas a membros, assinantes, clientes ou visitantes...Ler mais","og_url":"https:\/\/upuppark.pt\/en\/politica-de-privacidade\/","og_site_name":"UPUP","article_publisher":"https:\/\/www.facebook.com\/upuptrampolins\/","article_modified_time":"2018-06-21T15:22:17+00:00","twitter_card":"summary_large_image","twitter_misc":{"Estimated reading time":"2 minutes"},"schema":{"@context":"https:\/\/schema.org","@graph":[{"@type":"WebPage","@id":"https:\/\/upuppark.pt\/politica-de-privacidade\/","url":"https:\/\/upuppark.pt\/politica-de-privacidade\/","name":"Pol\u00edtica de Privacidade - UPUP","isPartOf":{"@id":"https:\/\/upuppark.pt\/#website"},"datePublished":"2017-11-06T13:34:29+00:00","dateModified":"2018-06-21T15:22:17+00:00","breadcrumb":{"@id":"https:\/\/upuppark.pt\/politica-de-privacidade\/#breadcrumb"},"inLanguage":"en-GB","potentialAction":[{"@type":"ReadAction","target":["https:\/\/upuppark.pt\/politica-de-privacidade\/"]}]},{"@type":"BreadcrumbList","@id":"https:\/\/upuppark.pt\/politica-de-privacidade\/#breadcrumb","itemListElement":[{"@type":"ListItem","position":1,"name":"Home","item":"https:\/\/upuppark.pt\/"},{"@type":"ListItem","position":2,"name":"Pol\u00edtica de Privacidade"}]},{"@type":"WebSite","@id":"https:\/\/upuppark.pt\/#website","url":"https:\/\/upuppark.pt\/","name":"UPUP","description":"Parque de Trampolins","publisher":{"@id":"https:\/\/upuppark.pt\/#organization"},"potentialAction":[{"@type":"SearchAction","target":{"@type":"EntryPoint","urlTemplate":"https:\/\/upuppark.pt\/?s={search_term_string}"},"query-input":{"@type":"PropertyValueSpecification","valueRequired":true,"valueName":"search_term_string"}}],"inLanguage":"en-GB"},{"@type":"Organization","@id":"https:\/\/upuppark.pt\/#organization","name":"UPUP","url":"https:\/\/upuppark.pt\/","logo":{"@type":"ImageObject","inLanguage":"en-GB","@id":"https:\/\/upuppark.pt\/#\/schema\/logo\/image\/","url":"https:\/\/upuppark.pt\/wp-content\/uploads\/2017\/10\/cropped-Logo_UPUP_Icon_512x512px.png","contentUrl":"https:\/\/upuppark.pt\/wp-content\/uploads\/2017\/10\/cropped-Logo_UPUP_Icon_512x512px.png","width":512,"height":512,"caption":"UPUP"},"image":{"@id":"https:\/\/upuppark.pt\/#\/schema\/logo\/image\/"},"sameAs":["https:\/\/www.facebook.com\/upuptrampolins\/","https:\/\/www.instagram.com\/upuptrampolins\/","https:\/\/www.youtube.com\/channel\/UCJLj1rDJf3GGCnS3Y9Ve4hQ"]}]}},"_links":{"self":[{"href":"https:\/\/upuppark.pt\/en\/wp-json\/wp\/v2\/pages\/5874","targetHints":{"allow":["GET"]}}],"collection":[{"href":"https:\/\/upuppark.pt\/en\/wp-json\/wp\/v2\/pages"}],"about":[{"href":"https:\/\/upuppark.pt\/en\/wp-json\/wp\/v2\/types\/page"}],"author":[{"embeddable":true,"href":"https:\/\/upuppark.pt\/en\/wp-json\/wp\/v2\/users\/1"}],"replies":[{"embeddable":true,"href":"https:\/\/upuppark.pt\/en\/wp-json\/wp\/v2\/comments?post=5874"}],"version-history":[{"count":0,"href":"https:\/\/upuppark.pt\/en\/wp-json\/wp\/v2\/pages\/5874\/revisions"}],"wp:attachment":[{"href":"https:\/\/upuppark.pt\/en\/wp-json\/wp\/v2\/media?parent=5874"}],"curies":[{"name":"wp","href":"https:\/\/api.w.org\/{rel}","templated":true}]}}