{"id":106810,"date":"2023-03-03T15:43:02","date_gmt":"2023-03-03T15:43:02","guid":{"rendered":"https:\/\/upuppark.pt\/?page_id=106810"},"modified":"2026-02-18T15:58:42","modified_gmt":"2026-02-18T15:58:42","slug":"bilheteira","status":"publish","type":"page","link":"https:\/\/upuppark.pt\/en\/bilheteira\/","title":{"rendered":"Tickets"},"content":{"rendered":"<div  style=\"padding-top: 75px; padding-bottom: 75px; \" class=\"vc_row wpb_row vc_row-fluid\">\n\n<div class=\"wpb_column vc_column_container vc_col-sm-6\"><div class=\"vc_column-inner\"><div class=\"wpb_wrapper\"><div class=\"ttbase-imagebox-wrapper card\"><div class=\"ttbase-imagebox\"><div class=\"ttbase-imagebox-overlay clearfix\"><\/div><div class=\"ttbase-imagebox-image-content\" style=\" style=\"background-color:#000000;\"border-color:#ffce00;\"><h5 class=\"ttbase-imagebox-subtitle text-transform-capitalize\" style=\"color:#ffce00;\">GENERAL PASS<\/h5><\/div><\/div><div class=\"ttbase-imagebox-content\">\n<p style=\"text-align: center;\"><span class=\"price_cta_big\">12\u20ac <span class=\"price_cta_scale_down\">\/ 1H<\/span><\/span><br \/>\n<span class=\"price_cta_big\">15\u20ac <span class=\"price_cta_scale_down\">\/ 2H<\/span><\/span><\/p>\n<p style=\"text-align: center;\" class=\"translation-block\"><strong>Doesn't include<\/strong>\u00a0UPUP official socks<\/p>\n<\/div><\/div><div class=\"vc_empty_space\"   style=\"height: 30px\"><span class=\"vc_empty_space_inner\"><\/span><\/div><div class=\"ttbase-imagebox-wrapper card\"><div class=\"ttbase-imagebox\"><div class=\"ttbase-imagebox-overlay clearfix\"><\/div><div class=\"ttbase-imagebox-image-content\" style=\" style=\"background-color:#000000;\"border-color:#ffce00;\"><h5 class=\"ttbase-imagebox-subtitle text-transform-capitalize\" style=\"color:#ffce00;\">STUDENT PASS<\/h5><\/div><\/div><div class=\"ttbase-imagebox-content\">\n<p style=\"text-align: center;\"><span class=\"price_cta_big\">9\u20ac <span class=\"price_cta_scale_down\">\/ 1H<\/span><\/span><br \/>\n<span class=\"price_cta_big\">12\u20ac <span class=\"price_cta_scale_down\">\/ 2H<\/span><\/span><\/p>\n<h4 style=\"text-align: center;\">FROM MONDAY TO FRIDAY<br \/>\n(Except holidays and school breaks)<\/h4>\n<p style=\"text-align: center;\" class=\"translation-block\"><strong>Doesn't include<\/strong>\u00a0UPUP official socks<\/p>\n<\/div><\/div><div class=\"vc_empty_space\"   style=\"height: 30px\"><span class=\"vc_empty_space_inner\"><\/span><\/div><div class=\"ttbase-imagebox-wrapper card\"><div class=\"ttbase-imagebox\"><div class=\"ttbase-imagebox-overlay clearfix\"><\/div><div class=\"ttbase-imagebox-image-content\" style=\" style=\"background-color:#000000;\"border-color:#ffce00;\"><h5 class=\"ttbase-imagebox-subtitle text-transform-capitalize\" style=\"color:#ffce00;\">MONTHLY PASS<\/h5><\/div><\/div><div class=\"ttbase-imagebox-content\">\n<p style=\"text-align: center;\"><span class=\"price_cta_big\">50\u20ac<br \/>\n<span class=\"price_cta_scale_down\">MONTH<\/span><\/span><\/p>\n<h4 style=\"text-align: center;\"><\/h4>\n<p style=\"text-align: center;\"><strong>FROM MONDAY TO SUNDAY<\/strong><br \/>\n<strong>Subject to availability<\/strong><br \/>\n<strong>Doesn't include<\/strong> UPUP official socks<\/p>\n<\/div><\/div><div class=\"vc_empty_space\"   style=\"height: 30px\"><span class=\"vc_empty_space_inner\"><\/span><\/div><\/div><\/div><\/div><div class=\"wpb_column vc_column_container vc_col-sm-6\"><div class=\"vc_column-inner\"><div class=\"wpb_wrapper\"><div class=\"ttbase-imagebox-wrapper card\"><div class=\"ttbase-imagebox\"><div class=\"ttbase-imagebox-overlay clearfix\"><\/div><div class=\"ttbase-imagebox-image-content\" style=\" style=\"background-color:#000000;\"border-color:#ffce00;\"><h5 class=\"ttbase-imagebox-subtitle text-transform-capitalize\" style=\"color:#ffce00;\">J\u00daNIOR PASS<\/h5><\/div><\/div><div class=\"ttbase-imagebox-content\">\n<p style=\"text-align: center;\"><span class=\"price_cta_big\">12\u20ac <span class=\"price_cta_scale_down\">\/ 1H<\/span><\/span><br \/>\n<span class=\"price_cta_big\">15\u20ac <span class=\"price_cta_scale_down\">\/ 2H<\/span><\/span><\/p>\n<h4 style=\"text-align: center;\">PRICE FOR 2 PEOPLE<br \/>\n(1 adult and 1 child)<\/h4>\n<p style=\"text-align: center;\"><strong>Doesn't include<\/strong>\u00a0UPUP official socks<br \/>\nChildren from 3 to 6 years old, always accompanied by an adult.<\/p>\n<\/div><\/div><div class=\"vc_empty_space\"   style=\"height: 30px\"><span class=\"vc_empty_space_inner\"><\/span><\/div><div class=\"ttbase-imagebox-wrapper card\"><div class=\"ttbase-imagebox\"><div class=\"ttbase-imagebox-overlay clearfix\"><\/div><div class=\"ttbase-imagebox-image-content\" style=\" style=\"background-color:#000000;\"border-color:#ffce00;\"><h5 class=\"ttbase-imagebox-subtitle text-transform-capitalize\" style=\"color:#ffce00;\">FAMILY PASS<\/h5><\/div><\/div><div class=\"ttbase-imagebox-content\">\n<p style=\"text-align: center;\"><span class=\"price_cta_big\">39,5\u20ac <span class=\"price_cta_scale_down\">\/ 1H<\/span><\/span><\/p>\n<h4 style=\"text-align: center;\">PRICE FOR 4 PEOPLE<br \/>\n(2 adults and 2 children)<\/h4>\n<p style=\"text-align: center;\"><strong>Doesn't include<\/strong>\u00a0UPUP official socks<br \/>\nCrian\u00e7a adicional (cada)\u00a0+8,50\u20ac<br \/>\n1h extra + 15\u20ac<\/p>\n<\/div><\/div><\/div><\/div><\/div>\n\n\n<\/div>\n<span data-mce-type=\"bookmark\" style=\"display: inline-block; width: 0px; overflow: hidden; line-height: 0;\" class=\"mce_SELRES_start\"><\/span><div data-vc-full-width=\"true\" data-vc-full-width-init=\"false\" data-vc-parallax=\"1.5\" data-vc-parallax-o-fade=\"on\" data-vc-parallax-image=\"https:\/\/upuppark.pt\/wp-content\/uploads\/2018\/06\/Banner_UPUP_AntesBilhetes_1800x550px_v3.jpg\" class=\"vc_row wpb_row vc_row-fluid vc_row-has-fill vc_row-o-content-middle vc_row-flex vc_general vc_parallax vc_parallax-content-moving-fade js-vc_parallax-o-fade ttbase-relative ttbase-row-image\">\n\n<div class=\"wpb_column vc_column_container vc_col-sm-12\"><div class=\"vc_column-inner\"><div class=\"wpb_wrapper\"><div class=\"vc_row wpb_row vc_inner vc_row-fluid vc_custom_1677859754020 vc_row-o-content-middle vc_row-flex\"><div class=\"wpb_column vc_column_container vc_col-sm-6\"><div class=\"vc_column-inner\"><div class=\"wpb_wrapper\"><h2 class=\"ttbase-heading text-align-left\" ><span>UPUP OFFICIAL SOCKS<\/span><\/h2><p class=\"intro\">\n<div class=\"wpb_text_column wpb_content_element\">\n<div class=\"wpb_wrapper\">\n<p>Jump with more style and choose your socks in your favorite colour. Have fun and choose a different color for each foot.<\/p>\n<h3 class=\"ttbase-heading ttbase-heading- text-align-left\"><strong>CADA PAR: 3 \u20ac<\/strong><\/h3>\n<\/div>\n<\/div><\/div><\/div><\/div><div class=\"wpb_column vc_column_container vc_col-sm-6\"><div class=\"vc_column-inner vc_custom_1677854522936\"><div class=\"wpb_wrapper\">\n\t<div  class=\"wpb_single_image wpb_content_element vc_align_right\">\n\t\t\n\t\t<figure class=\"wpb_wrapper vc_figure\">\n\t\t\t<div class=\"vc_single_image-wrapper   vc_box_border_grey\"><img fetchpriority=\"high\" decoding=\"async\" width=\"1080\" height=\"1080\" src=\"https:\/\/upuppark.pt\/wp-content\/uploads\/2019\/04\/45246629_702244700162860_4650641994572365824_o.jpg\" class=\"vc_single_image-img attachment-full\" alt=\"\" srcset=\"https:\/\/upuppark.pt\/wp-content\/uploads\/2019\/04\/45246629_702244700162860_4650641994572365824_o.jpg 1080w, https:\/\/upuppark.pt\/wp-content\/uploads\/2019\/04\/45246629_702244700162860_4650641994572365824_o-150x150.jpg 150w, https:\/\/upuppark.pt\/wp-content\/uploads\/2019\/04\/45246629_702244700162860_4650641994572365824_o-300x300.jpg 300w, https:\/\/upuppark.pt\/wp-content\/uploads\/2019\/04\/45246629_702244700162860_4650641994572365824_o-768x768.jpg 768w, https:\/\/upuppark.pt\/wp-content\/uploads\/2019\/04\/45246629_702244700162860_4650641994572365824_o-1024x1024.jpg 1024w, https:\/\/upuppark.pt\/wp-content\/uploads\/2019\/04\/45246629_702244700162860_4650641994572365824_o-180x180.jpg 180w, https:\/\/upuppark.pt\/wp-content\/uploads\/2019\/04\/45246629_702244700162860_4650641994572365824_o-600x600.jpg 600w, https:\/\/upuppark.pt\/wp-content\/uploads\/2019\/04\/45246629_702244700162860_4650641994572365824_o-500x500.jpg 500w, https:\/\/upuppark.pt\/wp-content\/uploads\/2019\/04\/45246629_702244700162860_4650641994572365824_o-80x80.jpg 80w\" sizes=\"(max-width: 1080px) 100vw, 1080px\" \/><\/div>\n\t\t<\/figure>\n\t<\/div>\n<\/div><\/div><\/div><\/div><\/div><\/div><\/div>\n\n\n<\/div>\n    <div class=\"vc_row-full-width vc_clearfix\"><\/div>\n<span data-mce-type=\"bookmark\" style=\"display: inline-block; width: 0px; overflow: hidden; line-height: 0;\" class=\"mce_SELRES_end\"><\/span><div id=\"cta-atividades\" data-vc-full-width=\"true\" data-vc-full-width-init=\"false\"  style=\"background-color:#ffce00; \" class=\"vc_row wpb_row vc_row-fluid vc_row-o-equal-height vc_row-o-content-middle vc_row-flex\">\n\n<div class=\"wpb_column vc_column_container vc_col-sm-8\"><div class=\"vc_column-inner vc_custom_1677791325842\"><div class=\"wpb_wrapper\"><h2 style=\"text-align: left;font-family:Londrina Solid;font-weight:400;font-style:normal\" class=\"vc_custom_heading\" >Why are you wait?<br \/>\nMake your appointment now!<\/h2><\/div><\/div><\/div><div class=\"wpb_column vc_column_container vc_col-sm-4\"><div class=\"vc_column-inner vc_custom_1677791447836\"><div class=\"wpb_wrapper\"><a href=\"https:\/\/upuppark.pt\/en\/contactos\/\" class=\"btn btn-primary style-2 alignright color-5\" target=\"_self\" title=\"Get in touch\" rel=\"\"><span class=\"ttbase-button-inner\">Get in touch<\/span><\/a><\/div><\/div><\/div>\n\n\n<\/div>\n    <div class=\"vc_row-full-width vc_clearfix\"><\/div>","protected":false},"excerpt":{"rendered":"<p><\/p>\n<div class=\"read-more-link-wrapper text-center\"><a class=\"read-more-link\" href=\"https:\/\/upuppark.pt\/en\/bilheteira\/\"><i class=\"icon-next\"><\/i>Ler mais<\/a><\/div>","protected":false},"author":1,"featured_media":0,"parent":0,"menu_order":0,"comment_status":"closed","ping_status":"closed","template":"","meta":{"inline_featured_image":false,"_monsterinsights_skip_tracking":false,"_monsterinsights_sitenote_active":false,"_monsterinsights_sitenote_note":"","_monsterinsights_sitenote_category":0,"_uf_show_specific_survey":0,"_uf_disable_surveys":false,"footnotes":""},"class_list":["post-106810","page","type-page","status-publish","hentry"],"yoast_head":"<!-- This site is optimized with the Yoast SEO plugin v25.7 - https:\/\/yoast.com\/wordpress\/plugins\/seo\/ -->\n<title>Pre\u00e7os - UPUP<\/title>\n<meta name=\"description\" content=\"Bem-vindos ao UPUP, o maior parque de trampolins 100% portugu\u00eas que te vai p\u00f4r aos saltos! Diverte-te e supera-te!\" \/>\n<meta name=\"robots\" content=\"index, follow, max-snippet:-1, max-image-preview:large, max-video-preview:-1\" \/>\n<link rel=\"canonical\" href=\"https:\/\/upuppark.pt\/en\/bilheteira\/\" \/>\n<meta property=\"og:locale\" content=\"en_GB\" \/>\n<meta property=\"og:type\" content=\"article\" \/>\n<meta property=\"og:title\" content=\"Pre\u00e7os - UPUP\" \/>\n<meta property=\"og:description\" content=\"Bem-vindos ao UPUP, o maior parque de trampolins 100% portugu\u00eas que te vai p\u00f4r aos saltos! Diverte-te e supera-te!\" \/>\n<meta property=\"og:url\" content=\"https:\/\/upuppark.pt\/en\/bilheteira\/\" \/>\n<meta property=\"og:site_name\" content=\"UPUP\" \/>\n<meta property=\"article:publisher\" content=\"https:\/\/www.facebook.com\/upuptrampolins\/\" \/>\n<meta property=\"article:modified_time\" content=\"2026-02-18T15:58:42+00:00\" \/>\n<meta name=\"twitter:card\" content=\"summary_large_image\" \/>\n<meta name=\"twitter:label1\" content=\"Estimated reading time\" \/>\n\t<meta name=\"twitter:data1\" content=\"2 minutes\" \/>\n<script type=\"application\/ld+json\" class=\"yoast-schema-graph\">{\"@context\":\"https:\/\/schema.org\",\"@graph\":[{\"@type\":\"WebPage\",\"@id\":\"https:\/\/upuppark.pt\/bilheteira\/\",\"url\":\"https:\/\/upuppark.pt\/bilheteira\/\",\"name\":\"Pre\u00e7os - UPUP\",\"isPartOf\":{\"@id\":\"https:\/\/upuppark.pt\/#website\"},\"datePublished\":\"2023-03-03T15:43:02+00:00\",\"dateModified\":\"2026-02-18T15:58:42+00:00\",\"description\":\"Bem-vindos ao UPUP, o maior parque de trampolins 100% portugu\u00eas que te vai p\u00f4r aos saltos! Diverte-te e supera-te!\",\"breadcrumb\":{\"@id\":\"https:\/\/upuppark.pt\/bilheteira\/#breadcrumb\"},\"inLanguage\":\"en-GB\",\"potentialAction\":[{\"@type\":\"ReadAction\",\"target\":[\"https:\/\/upuppark.pt\/bilheteira\/\"]}]},{\"@type\":\"BreadcrumbList\",\"@id\":\"https:\/\/upuppark.pt\/bilheteira\/#breadcrumb\",\"itemListElement\":[{\"@type\":\"ListItem\",\"position\":1,\"name\":\"Home\",\"item\":\"https:\/\/upuppark.pt\/\"},{\"@type\":\"ListItem\",\"position\":2,\"name\":\"Pre\u00e7os\"}]},{\"@type\":\"WebSite\",\"@id\":\"https:\/\/upuppark.pt\/#website\",\"url\":\"https:\/\/upuppark.pt\/\",\"name\":\"UPUP\",\"description\":\"Parque de Trampolins\",\"publisher\":{\"@id\":\"https:\/\/upuppark.pt\/#organization\"},\"potentialAction\":[{\"@type\":\"SearchAction\",\"target\":{\"@type\":\"EntryPoint\",\"urlTemplate\":\"https:\/\/upuppark.pt\/?s={search_term_string}\"},\"query-input\":{\"@type\":\"PropertyValueSpecification\",\"valueRequired\":true,\"valueName\":\"search_term_string\"}}],\"inLanguage\":\"en-GB\"},{\"@type\":\"Organization\",\"@id\":\"https:\/\/upuppark.pt\/#organization\",\"name\":\"UPUP\",\"url\":\"https:\/\/upuppark.pt\/\",\"logo\":{\"@type\":\"ImageObject\",\"inLanguage\":\"en-GB\",\"@id\":\"https:\/\/upuppark.pt\/#\/schema\/logo\/image\/\",\"url\":\"https:\/\/upuppark.pt\/wp-content\/uploads\/2017\/10\/cropped-Logo_UPUP_Icon_512x512px.png\",\"contentUrl\":\"https:\/\/upuppark.pt\/wp-content\/uploads\/2017\/10\/cropped-Logo_UPUP_Icon_512x512px.png\",\"width\":512,\"height\":512,\"caption\":\"UPUP\"},\"image\":{\"@id\":\"https:\/\/upuppark.pt\/#\/schema\/logo\/image\/\"},\"sameAs\":[\"https:\/\/www.facebook.com\/upuptrampolins\/\",\"https:\/\/www.instagram.com\/upuptrampolins\/\",\"https:\/\/www.youtube.com\/channel\/UCJLj1rDJf3GGCnS3Y9Ve4hQ\"]}]}<\/script>\n<!-- \/ Yoast SEO plugin. -->","yoast_head_json":{"title":"Pre\u00e7os - UPUP","description":"Bem-vindos ao UPUP, o maior parque de trampolins 100% portugu\u00eas que te vai p\u00f4r aos saltos! Diverte-te e supera-te!","robots":{"index":"index","follow":"follow","max-snippet":"max-snippet:-1","max-image-preview":"max-image-preview:large","max-video-preview":"max-video-preview:-1"},"canonical":"https:\/\/upuppark.pt\/en\/bilheteira\/","og_locale":"en_GB","og_type":"article","og_title":"Pre\u00e7os - UPUP","og_description":"Bem-vindos ao UPUP, o maior parque de trampolins 100% portugu\u00eas que te vai p\u00f4r aos saltos! Diverte-te e supera-te!","og_url":"https:\/\/upuppark.pt\/en\/bilheteira\/","og_site_name":"UPUP","article_publisher":"https:\/\/www.facebook.com\/upuptrampolins\/","article_modified_time":"2026-02-18T15:58:42+00:00","twitter_card":"summary_large_image","twitter_misc":{"Estimated reading time":"2 minutes"},"schema":{"@context":"https:\/\/schema.org","@graph":[{"@type":"WebPage","@id":"https:\/\/upuppark.pt\/bilheteira\/","url":"https:\/\/upuppark.pt\/bilheteira\/","name":"Pre\u00e7os - UPUP","isPartOf":{"@id":"https:\/\/upuppark.pt\/#website"},"datePublished":"2023-03-03T15:43:02+00:00","dateModified":"2026-02-18T15:58:42+00:00","description":"Bem-vindos ao UPUP, o maior parque de trampolins 100% portugu\u00eas que te vai p\u00f4r aos saltos! Diverte-te e supera-te!","breadcrumb":{"@id":"https:\/\/upuppark.pt\/bilheteira\/#breadcrumb"},"inLanguage":"en-GB","potentialAction":[{"@type":"ReadAction","target":["https:\/\/upuppark.pt\/bilheteira\/"]}]},{"@type":"BreadcrumbList","@id":"https:\/\/upuppark.pt\/bilheteira\/#breadcrumb","itemListElement":[{"@type":"ListItem","position":1,"name":"Home","item":"https:\/\/upuppark.pt\/"},{"@type":"ListItem","position":2,"name":"Pre\u00e7os"}]},{"@type":"WebSite","@id":"https:\/\/upuppark.pt\/#website","url":"https:\/\/upuppark.pt\/","name":"UPUP","description":"Parque de Trampolins","publisher":{"@id":"https:\/\/upuppark.pt\/#organization"},"potentialAction":[{"@type":"SearchAction","target":{"@type":"EntryPoint","urlTemplate":"https:\/\/upuppark.pt\/?s={search_term_string}"},"query-input":{"@type":"PropertyValueSpecification","valueRequired":true,"valueName":"search_term_string"}}],"inLanguage":"en-GB"},{"@type":"Organization","@id":"https:\/\/upuppark.pt\/#organization","name":"UPUP","url":"https:\/\/upuppark.pt\/","logo":{"@type":"ImageObject","inLanguage":"en-GB","@id":"https:\/\/upuppark.pt\/#\/schema\/logo\/image\/","url":"https:\/\/upuppark.pt\/wp-content\/uploads\/2017\/10\/cropped-Logo_UPUP_Icon_512x512px.png","contentUrl":"https:\/\/upuppark.pt\/wp-content\/uploads\/2017\/10\/cropped-Logo_UPUP_Icon_512x512px.png","width":512,"height":512,"caption":"UPUP"},"image":{"@id":"https:\/\/upuppark.pt\/#\/schema\/logo\/image\/"},"sameAs":["https:\/\/www.facebook.com\/upuptrampolins\/","https:\/\/www.instagram.com\/upuptrampolins\/","https:\/\/www.youtube.com\/channel\/UCJLj1rDJf3GGCnS3Y9Ve4hQ"]}]}},"_links":{"self":[{"href":"https:\/\/upuppark.pt\/en\/wp-json\/wp\/v2\/pages\/106810","targetHints":{"allow":["GET"]}}],"collection":[{"href":"https:\/\/upuppark.pt\/en\/wp-json\/wp\/v2\/pages"}],"about":[{"href":"https:\/\/upuppark.pt\/en\/wp-json\/wp\/v2\/types\/page"}],"author":[{"embeddable":true,"href":"https:\/\/upuppark.pt\/en\/wp-json\/wp\/v2\/users\/1"}],"replies":[{"embeddable":true,"href":"https:\/\/upuppark.pt\/en\/wp-json\/wp\/v2\/comments?post=106810"}],"version-history":[{"count":0,"href":"https:\/\/upuppark.pt\/en\/wp-json\/wp\/v2\/pages\/106810\/revisions"}],"wp:attachment":[{"href":"https:\/\/upuppark.pt\/en\/wp-json\/wp\/v2\/media?parent=106810"}],"curies":[{"name":"wp","href":"https:\/\/api.w.org\/{rel}","templated":true}]}}